{"id":9019,"date":"2025-04-07T19:09:33","date_gmt":"2025-04-07T19:09:33","guid":{"rendered":"https:\/\/hostincoast.com\/?page_id=9019"},"modified":"2025-12-16T21:29:48","modified_gmt":"2025-12-16T21:29:48","slug":"home-page","status":"publish","type":"page","link":"https:\/\/hostincoast.com\/en\/home-page\/","title":{"rendered":"Home Page"},"content":{"rendered":"<section class=\"bde-section-9019-100 bde-section\">\n              \n  \n  \n\t\n  <div class=\"breakdance-swiper-wrapper section-background-slideshow\">\n    <div class=\"swiper\">\n      <!-- Additional required wrapper -->\n      <div class=\"swiper-wrapper\">\n        <!-- Slides -->\n                  <div class=\"swiper-slide\">\n            <div class=\"swiper-slide-item\" style=\"background-image: url(https:\/\/hostincoast.com\/wp-content\/uploads\/2024\/07\/esteva_resorts_aljezur.png);\"><\/div>\n          <\/div>\n                  <div class=\"swiper-slide\">\n            <div class=\"swiper-slide-item\" style=\"background-image: url(https:\/\/hostincoast.com\/wp-content\/uploads\/2024\/08\/IMG_0389.jpg);\"><\/div>\n          <\/div>\n                  <div class=\"swiper-slide\">\n            <div class=\"swiper-slide-item\" style=\"background-image: url(https:\/\/hostincoast.com\/wp-content\/uploads\/2024\/08\/SEA012.jpg);\"><\/div>\n          <\/div>\n                  <div class=\"swiper-slide\">\n            <div class=\"swiper-slide-item\" style=\"background-image: url(https:\/\/hostincoast.com\/wp-content\/uploads\/2024\/07\/1V4A0589_AuroraHDR-edit.jpg);\"><\/div>\n          <\/div>\n              <\/div>\n    <\/div>\n  <\/div>\n\n  <div class=\"section-background-overlay\"><\/div>\n\n\n<div class=\"section-container\"><div class=\"bde-div-9019-101 bde-div\">\n  \n  \n\t\n\n\n\n<div class=\"bde-text-9019-102 bde-text\">\nrolar para baixo\n<\/div>\n<\/div><div class=\"bde-image-9019-103 bde-image\">\n<figure class=\"breakdance-image breakdance-image--8979\">\n\t<div class=\"breakdance-image-container\">\n\t\t<div class=\"breakdance-image-clip\"><img decoding=\"async\" class=\"breakdance-image-object\" src=\"https:\/\/hostincoast.com\/wp-content\/uploads\/2025\/04\/HIC_NoSub_Vertical_White-300x300.png\" width=\"300\" height=\"300\" srcset=\"https:\/\/hostincoast.com\/wp-content\/uploads\/2025\/04\/HIC_NoSub_Vertical_White-300x300.png 300w, https:\/\/hostincoast.com\/wp-content\/uploads\/2025\/04\/HIC_NoSub_Vertical_White-1024x1024.png 1024w, https:\/\/hostincoast.com\/wp-content\/uploads\/2025\/04\/HIC_NoSub_Vertical_White-150x150.png 150w, https:\/\/hostincoast.com\/wp-content\/uploads\/2025\/04\/HIC_NoSub_Vertical_White-768x768.png 768w, https:\/\/hostincoast.com\/wp-content\/uploads\/2025\/04\/HIC_NoSub_Vertical_White-1536x1536.png 1536w, https:\/\/hostincoast.com\/wp-content\/uploads\/2025\/04\/HIC_NoSub_Vertical_White.png 1667w\" sizes=\"(max-width: 300px) 100vw, 300px\"><\/div>\n\t<\/div><\/figure>\n\n<\/div><div class=\"bde-button-9019-104 bde-button\">\n    \n                        \n                        \n    \n    \n    \n    \n            \n                    \n            \n            \n\n    \n    \n    \n    \n    \n    <a class=\"breakdance-link button-atom button-atom--text bde-button__button\" href=\"http:\/\/book.hostincoast.com\" target=\"_self\" data-type=\"url\"  >\n\n    \n        <span class=\"button-atom__text\">Book now!<\/span>\n\n        \n                    \n    <span class=\"button-atom__icon-wrapper\">\n\n        \n            <svg class=\"un-arrow-icon\" xmlns=\"http:\/\/www.w3.org\/2000\/svg\" width=\"32\" height=\"32\" viewbox=\"0 0 32 32\">\n                <g fill=\"none\" stroke-width=\"1.9\" stroke-linejoin=\"round\" stroke-miterlimit=\"10\">\n                    <circle class=\"un-arrow-icon_circle\" cx=\"16\" cy=\"16\" r=\"15.12\"><\/circle>\n                    <path class=\"un-arrow-icon_arrow\" d=\"M16.14 9.93L22.21 16l-6.07 6.07M8.23 16h13.98\"><\/path>\n                <\/g>\n            <\/svg>\n\n        \n    <\/span>\n\n\n        \n                <\/a>\n\n    \n\n\n<\/div><\/div>\n<\/section><section class=\"bde-section-9019-105 bde-section\">\n  \n  \n\t\n\n\n\n<div class=\"section-container\"><h2 class=\"bde-heading-9019-106 bde-heading\">\nLocal management, global care.\n<\/h2><div class=\"bde-columns-9019-107 bde-columns\"><div class=\"bde-column-9019-108 bde-column\">\n  \n  \n\t\n\n\n\n<div class=\"bde-image-9019-109 bde-image\">\n<figure class=\"breakdance-image breakdance-image--8547\">\n\t<div class=\"breakdance-image-container\">\n\t\t<div class=\"breakdance-image-clip\"><img decoding=\"async\" class=\"breakdance-image-object\" src=\"https:\/\/hostincoast.com\/wp-content\/uploads\/2024\/07\/casa_das_piteiras_patio.webp\" width=\"720\" height=\"960\" srcset=\"https:\/\/hostincoast.com\/wp-content\/uploads\/2024\/07\/casa_das_piteiras_patio.webp 720w, https:\/\/hostincoast.com\/wp-content\/uploads\/2024\/07\/casa_das_piteiras_patio-225x300.webp 225w\" sizes=\"(max-width: 720px) 100vw, 720px\"><\/div>\n\t<\/div><\/figure>\n\n<\/div>\n<\/div><div class=\"bde-column-9019-110 bde-column\">\n  \n  \n\t\n\n\n\n<h4 class=\"bde-heading-9019-111 bde-heading\">\nLocal experience, professional management.\n<\/h4><div class=\"bde-text-9019-112 bde-text\">\nAt Host in Coast, we take care of accommodation as if it were our own. We are a company based in Aljezur, in the heart of the Costa Vicentina, specializing in the management of Local Accommodation. We monitor every detail - from online promotion to guest reception - to ensure a 5-star experience for both owners and travelers.<br><br>With a personal touch and a deep knowledge of the region, we make every stay unforgettable.\n<\/div>\n<\/div><\/div><div class=\"bde-columns-9019-113 bde-columns\"><div class=\"bde-column-9019-114 bde-column\">\n  \n  \n\t\n\n\n\n<h4 class=\"bde-heading-9019-115 bde-heading\">\nBetween the countryside and the sea, on the Algarve's wildest coast.\n<\/h4><div class=\"bde-text-9019-116 bde-text\">\nWe're in Aljezur, an authentic village surrounded by unspoiled nature, world-class surf spots and breathtaking beaches. If you're looking for tranquillity and authenticity, you're in the right place.\n<\/div><a class=\"bde-container-link-9019-117 bde-container-link breakdance-link\" href=\"https:\/\/breakdancelibrary.com\/hotel\/wedding\/\" target=\"_self\" data-type=\"url\">\n  \n  \n\t\n\n\n\n\n\n<\/a>\n<\/div><div class=\"bde-column-9019-118 bde-column\">\n  \n  \n\t\n\n\n\n<div class=\"bde-image-9019-119 bde-image\">\n<figure class=\"breakdance-image breakdance-image--7842\">\n\t<div class=\"breakdance-image-container\">\n\t\t<div class=\"breakdance-image-clip\"><img decoding=\"async\" class=\"breakdance-image-object\" src=\"https:\/\/hostincoast.com\/wp-content\/uploads\/2024\/07\/IMG_5874_AuroraHDR-edit-Edit.jpg\" width=\"2048\" height=\"1362\" srcset=\"https:\/\/hostincoast.com\/wp-content\/uploads\/2024\/07\/IMG_5874_AuroraHDR-edit-Edit.jpg 2048w, https:\/\/hostincoast.com\/wp-content\/uploads\/2024\/07\/IMG_5874_AuroraHDR-edit-Edit-300x200.jpg 300w, https:\/\/hostincoast.com\/wp-content\/uploads\/2024\/07\/IMG_5874_AuroraHDR-edit-Edit-1024x681.jpg 1024w, https:\/\/hostincoast.com\/wp-content\/uploads\/2024\/07\/IMG_5874_AuroraHDR-edit-Edit-768x511.jpg 768w, https:\/\/hostincoast.com\/wp-content\/uploads\/2024\/07\/IMG_5874_AuroraHDR-edit-Edit-1536x1022.jpg 1536w\" sizes=\"(max-width: 2048px) 100vw, 2048px\"><\/div>\n\t<\/div><\/figure>\n\n<\/div>\n<\/div><\/div><div class=\"bde-columns-9019-120 bde-columns\"><div class=\"bde-column-9019-121 bde-column\">\n  \n  \n\t\n\n\n\n<div class=\"bde-image-9019-122 bde-image\">\n<figure class=\"breakdance-image breakdance-image--8564\">\n\t<div class=\"breakdance-image-container\">\n\t\t<div class=\"breakdance-image-clip\"><img decoding=\"async\" class=\"breakdance-image-object\" src=\"https:\/\/hostincoast.com\/wp-content\/uploads\/2024\/07\/casa_das_piteiras_quarto3-1.webp\" width=\"1200\" height=\"900\" srcset=\"https:\/\/hostincoast.com\/wp-content\/uploads\/2024\/07\/casa_das_piteiras_quarto3-1.webp 1200w, https:\/\/hostincoast.com\/wp-content\/uploads\/2024\/07\/casa_das_piteiras_quarto3-1-300x225.webp 300w, https:\/\/hostincoast.com\/wp-content\/uploads\/2024\/07\/casa_das_piteiras_quarto3-1-1024x768.webp 1024w, https:\/\/hostincoast.com\/wp-content\/uploads\/2024\/07\/casa_das_piteiras_quarto3-1-768x576.webp 768w\" sizes=\"(max-width: 1200px) 100vw, 1200px\"><\/div>\n\t<\/div><\/figure>\n\n<\/div>\n<\/div><div class=\"bde-column-9019-123 bde-column\">\n  \n  \n\t\n\n\n\n<h3 class=\"bde-heading-9019-124 bde-heading\">\nCharming houses for all tastes.\n<\/h3><div class=\"bde-text-9019-125 bde-text\">\nWe manage a careful selection of unique accommodations, ideal for those who want to experience the best of the Costa Vicentina. From the lone surfer to the romantic couple, there's always a place to suit you.\n<\/div>\n<\/div><\/div><\/div>\n<\/section><section class=\"bde-section-9019-127 bde-section\">\n  \n  \n\t\n\n\n\n<div class=\"section-container\"><div class=\"bde-div-9019-128 bde-div\">\n  \n  \n\t\n\n\n\n<div class=\"bde-simple-counter-9019-129 bde-simple-counter\">\n<div class=\"bde-simple-counter__wrapper\">\n  <p class=\"bde-simple-counter__number bde-h6\">\n    <span class=\"bde-simple-counter__prefix\"><\/span>\n    <span class=\"bde-simple-counter__digit js-digit\"><\/span>\n    <span class=\"bde-simple-counter__suffix\">+<\/span>\n  <\/p>\n    \t<div class=\"bde-simple-counter__title\" >Properties<\/div>\n  <\/div>\n\n<\/div><div class=\"bde-simple-counter-9019-130 bde-simple-counter\">\n<div class=\"bde-simple-counter__wrapper\">\n  <p class=\"bde-simple-counter__number bde-h6\">\n    <span class=\"bde-simple-counter__prefix\"><\/span>\n    <span class=\"bde-simple-counter__digit js-digit\"><\/span>\n    <span class=\"bde-simple-counter__suffix\">+<\/span>\n  <\/p>\n    \t<div class=\"bde-simple-counter__title\" >Happy guests<\/div>\n  <\/div>\n\n<\/div><div class=\"bde-simple-counter-9019-131 bde-simple-counter\">\n<div class=\"bde-simple-counter__wrapper\">\n  <p class=\"bde-simple-counter__number bde-h6\">\n    <span class=\"bde-simple-counter__prefix\"><\/span>\n    <span class=\"bde-simple-counter__digit js-digit\"><\/span>\n    <span class=\"bde-simple-counter__suffix\">+<\/span>\n  <\/p>\n    \t<div class=\"bde-simple-counter__title\" >Years of experience<\/div>\n  <\/div>\n\n<\/div>\n<\/div><div class=\"bde-text-9019-132 bde-text\">\nTestimonials\n<\/div><\/div>\n<\/section><section class=\"bde-section-9019-133 bde-section\">\n  \n  \n\t\n\n\n\n<div class=\"section-container\"><div class=\"bde-columns-9019-134 bde-columns\"><div class=\"bde-column-9019-135 bde-column\">\n  \n  \n\t\n\n\n\n<div class=\"bde-simple-testimonial-9019-136 bde-simple-testimonial\">\n\n\n\n    \n        \n\n\n\n    <div class='simple-testimonial__quote'>\n        <blockquote >\n            The apartment is very new and clean. Modern and tasteful furnishings. We felt very comfortable straight away. The location is excellent. Communication with the host was very relaxed and he was quick to respond. A good apartment. Thank you for the time I spent there!\n        <\/blockquote>\n\n        \n    <\/div>\n\n\n    <div class='simple-testimonial__author' >\n        Sabine\n    <\/div>\n\n    <div class='simple-testimonial__author-info' >\n        Casa das Piterias 3\n    <\/div>\n\n\n\n<\/div>\n<\/div><div class=\"bde-column-9019-137 bde-column\">\n  \n  \n\t\n\n\n\n<div class=\"bde-simple-testimonial-9019-138 bde-simple-testimonial\">\n\n\n\n    \n        \n\n\n\n    <div class='simple-testimonial__quote'>\n        <blockquote >\n            We had a great time! Bruno was very helpful and responded immediately to messages!<br>The location is excellent and we felt comfortable. The surrounding beaches are very beautiful, and so is the view from the terraces to the countryside and the sea.<br>All in all, we had a great vacation there, thank you very much!\n        <\/blockquote>\n\n        \n    <\/div>\n\n\n    <div class='simple-testimonial__author' >\n        Melanie\n    <\/div>\n\n    <div class='simple-testimonial__author-info' >\n        Villa Olive Tree\n    <\/div>\n\n\n\n<\/div>\n<\/div><\/div><div class=\"bde-columns-9019-139 bde-columns\"><div class=\"bde-column-9019-140 bde-column\">\n  \n  \n\t\n\n\n\n<div class=\"bde-simple-testimonial-9019-141 bde-simple-testimonial\">\n\n\n\n    \n        \n\n\n\n    <div class='simple-testimonial__quote'>\n        <blockquote >\n            Everything was perfect! We loved staying there for our vacation! I will be back for sure!!! Thank you!!!\n        <\/blockquote>\n\n        \n    <\/div>\n\n\n    <div class='simple-testimonial__author' >\n        Erika\n    <\/div>\n\n    <div class='simple-testimonial__author-info' >\n        Casa das Piteiras 3\n    <\/div>\n\n\n\n<\/div>\n<\/div><div class=\"bde-column-9019-142 bde-column\">\n  \n  \n\t\n\n\n\n<div class=\"bde-simple-testimonial-9019-143 bde-simple-testimonial\">\n\n\n\n    \n        \n\n\n\n    <div class='simple-testimonial__quote'>\n        <blockquote >\n            I had a very pleasant stay, the house is comfortable and the location is great. Bruno was very helpful and communicated very well.\n        <\/blockquote>\n\n        \n    <\/div>\n\n\n    <div class='simple-testimonial__author' >\n        Cli\u00f3na\n    <\/div>\n\n    <div class='simple-testimonial__author-info' >\n        Villa Wanderlust\n    <\/div>\n\n\n\n<\/div>\n<\/div><div class=\"bde-column-9019-144 bde-column\">\n  \n  \n\t\n\n\n\n<div class=\"bde-simple-testimonial-9019-145 bde-simple-testimonial\">\n\n\n\n    \n        \n\n\n\n    <div class='simple-testimonial__quote'>\n        <blockquote >\n            Very nice semi-detached villa<br>Located near excellent beaches such as Amoreira.\n        <\/blockquote>\n\n        \n    <\/div>\n\n\n    <div class='simple-testimonial__author' >\n        Miguel\n    <\/div>\n\n    <div class='simple-testimonial__author-info' >\n        Cantinho na Vicentina\n    <\/div>\n\n\n\n<\/div>\n<\/div><\/div><div class=\"bde-columns-9019-146 bde-columns\"><div class=\"bde-column-9019-147 bde-column\">\n  \n  \n\t\n\n\n\n<div class=\"bde-simple-testimonial-9019-148 bde-simple-testimonial\">\n\n\n\n    \n        \n\n\n\n    <div class='simple-testimonial__quote'>\n        <blockquote >\n            Very nice new apartment with stunning views over the old town of Aljezur.<br>The apartment is almost at the top of the castle and has a wonderful communal terrace with barbecue.<br>The furnishings are modern, bright and friendly, with spacious bathrooms and comfortable beds.<br>The kitchen is extremely well equipped in terms of plates, pots and pans.\n        <\/blockquote>\n\n        \n    <\/div>\n\n\n    <div class='simple-testimonial__author' >\n        Sonja\n    <\/div>\n\n    <div class='simple-testimonial__author-info' >\n        Casa das Piteiras 5\n    <\/div>\n\n\n\n<\/div>\n<\/div><div class=\"bde-column-9019-149 bde-column\">\n  \n  \n\t\n\n\n\n<div class=\"bde-simple-testimonial-9019-150 bde-simple-testimonial\">\n\n\n\n    \n        \n\n\n\n    <div class='simple-testimonial__quote'>\n        <blockquote >\n            The best place for surfing, beaches and relaxing in the Algarve! Beautiful house with everything you need.\n        <\/blockquote>\n\n        \n    <\/div>\n\n\n    <div class='simple-testimonial__author' >\n        Beno\u00eet\n    <\/div>\n\n    <div class='simple-testimonial__author-info' >\n        Villa Olive Tree\n    <\/div>\n\n\n\n<\/div>\n<\/div><\/div><\/div>\n<\/section>","protected":false},"excerpt":{"rendered":"<p>rolar para baixo Book now! Local management, global care. Local experience, professional management. At Host in Coast, we take care of accommodation as if it were our own. We are a company based in Aljezur, in the heart of the Costa Vicentina, specializing in the management of Local Accommodation. We monitor every detail &#8211; from [&hellip;]<\/p>","protected":false},"author":1,"featured_media":0,"parent":0,"menu_order":0,"comment_status":"closed","ping_status":"closed","template":"","meta":{"_acf_changed":false,"_breakdance_hide_in_design_set":false,"_breakdance_tags":"","footnotes":""},"class_list":["post-9019","page","type-page","status-publish","hentry"],"acf":[],"yoast_head":"<!-- This site is optimized with the Yoast SEO plugin v26.8 - https:\/\/yoast.com\/product\/yoast-seo-wordpress\/ -->\n<title>Home Page - Host in Coast<\/title>\n<meta name=\"description\" content=\"Gest\u00e3o de alojamentos locais em Aljezur e na Costa Vicentina. A Host in Coast cuida da sua casa e recebe os seus h\u00f3spedes como se fossem fam\u00edlia.\" \/>\n<meta name=\"robots\" content=\"index, follow, max-snippet:-1, max-image-preview:large, max-video-preview:-1\" \/>\n<link rel=\"canonical\" href=\"https:\/\/hostincoast.com\/en\/home-page\/\" \/>\n<meta property=\"og:locale\" content=\"en_US\" \/>\n<meta property=\"og:type\" content=\"article\" \/>\n<meta property=\"og:title\" content=\"Home Page - Host in Coast\" \/>\n<meta property=\"og:description\" content=\"Gest\u00e3o de alojamentos locais em Aljezur e na Costa Vicentina. A Host in Coast cuida da sua casa e recebe os seus h\u00f3spedes como se fossem fam\u00edlia.\" \/>\n<meta property=\"og:url\" content=\"https:\/\/hostincoast.com\/en\/home-page\/\" \/>\n<meta property=\"og:site_name\" content=\"Host in Coast\" \/>\n<meta property=\"article:modified_time\" content=\"2025-12-16T21:29:48+00:00\" \/>\n<meta name=\"twitter:card\" content=\"summary_large_image\" \/>\n<meta name=\"twitter:label1\" content=\"Est. reading time\" \/>\n\t<meta name=\"twitter:data1\" content=\"2 minutes\" \/>\n<script type=\"application\/ld+json\" class=\"yoast-schema-graph\">{\"@context\":\"https:\/\/schema.org\",\"@graph\":[{\"@type\":\"WebPage\",\"@id\":\"https:\/\/hostincoast.com\/home-page\/\",\"url\":\"https:\/\/hostincoast.com\/home-page\/\",\"name\":\"Home Page - Host in Coast\",\"isPartOf\":{\"@id\":\"https:\/\/hostincoast.com\/#website\"},\"datePublished\":\"2025-04-07T19:09:33+00:00\",\"dateModified\":\"2025-12-16T21:29:48+00:00\",\"description\":\"Gest\u00e3o de alojamentos locais em Aljezur e na Costa Vicentina. A Host in Coast cuida da sua casa e recebe os seus h\u00f3spedes como se fossem fam\u00edlia.\",\"breadcrumb\":{\"@id\":\"https:\/\/hostincoast.com\/home-page\/#breadcrumb\"},\"inLanguage\":\"en-US\",\"potentialAction\":[{\"@type\":\"ReadAction\",\"target\":[\"https:\/\/hostincoast.com\/home-page\/\"]}]},{\"@type\":\"BreadcrumbList\",\"@id\":\"https:\/\/hostincoast.com\/home-page\/#breadcrumb\",\"itemListElement\":[{\"@type\":\"ListItem\",\"position\":1,\"name\":\"Home\",\"item\":\"https:\/\/hostincoast.com\/\"},{\"@type\":\"ListItem\",\"position\":2,\"name\":\"Home Page\"}]},{\"@type\":\"WebSite\",\"@id\":\"https:\/\/hostincoast.com\/#website\",\"url\":\"https:\/\/hostincoast.com\/\",\"name\":\"Host in Coast\",\"description\":\"Alojamentos Aljezur\",\"publisher\":{\"@id\":\"https:\/\/hostincoast.com\/#organization\"},\"potentialAction\":[{\"@type\":\"SearchAction\",\"target\":{\"@type\":\"EntryPoint\",\"urlTemplate\":\"https:\/\/hostincoast.com\/?s={search_term_string}\"},\"query-input\":{\"@type\":\"PropertyValueSpecification\",\"valueRequired\":true,\"valueName\":\"search_term_string\"}}],\"inLanguage\":\"en-US\"},{\"@type\":\"Organization\",\"@id\":\"https:\/\/hostincoast.com\/#organization\",\"name\":\"Host in Coast\",\"url\":\"https:\/\/hostincoast.com\/\",\"logo\":{\"@type\":\"ImageObject\",\"inLanguage\":\"en-US\",\"@id\":\"https:\/\/hostincoast.com\/#\/schema\/logo\/image\/\",\"url\":\"https:\/\/hostincoast.com\/wp-content\/uploads\/2024\/05\/Original-e1715167233738.png\",\"contentUrl\":\"https:\/\/hostincoast.com\/wp-content\/uploads\/2024\/05\/Original-e1715167233738.png\",\"width\":4200,\"height\":2175,\"caption\":\"Host in Coast\"},\"image\":{\"@id\":\"https:\/\/hostincoast.com\/#\/schema\/logo\/image\/\"}}]}<\/script>\n<!-- \/ Yoast SEO plugin. -->","yoast_head_json":{"title":"Home Page - Host in Coast","description":"Gest\u00e3o de alojamentos locais em Aljezur e na Costa Vicentina. A Host in Coast cuida da sua casa e recebe os seus h\u00f3spedes como se fossem fam\u00edlia.","robots":{"index":"index","follow":"follow","max-snippet":"max-snippet:-1","max-image-preview":"max-image-preview:large","max-video-preview":"max-video-preview:-1"},"canonical":"https:\/\/hostincoast.com\/en\/home-page\/","og_locale":"en_US","og_type":"article","og_title":"Home Page - Host in Coast","og_description":"Gest\u00e3o de alojamentos locais em Aljezur e na Costa Vicentina. A Host in Coast cuida da sua casa e recebe os seus h\u00f3spedes como se fossem fam\u00edlia.","og_url":"https:\/\/hostincoast.com\/en\/home-page\/","og_site_name":"Host in Coast","article_modified_time":"2025-12-16T21:29:48+00:00","twitter_card":"summary_large_image","twitter_misc":{"Est. reading time":"2 minutes"},"schema":{"@context":"https:\/\/schema.org","@graph":[{"@type":"WebPage","@id":"https:\/\/hostincoast.com\/home-page\/","url":"https:\/\/hostincoast.com\/home-page\/","name":"Home Page - Host in Coast","isPartOf":{"@id":"https:\/\/hostincoast.com\/#website"},"datePublished":"2025-04-07T19:09:33+00:00","dateModified":"2025-12-16T21:29:48+00:00","description":"Gest\u00e3o de alojamentos locais em Aljezur e na Costa Vicentina. A Host in Coast cuida da sua casa e recebe os seus h\u00f3spedes como se fossem fam\u00edlia.","breadcrumb":{"@id":"https:\/\/hostincoast.com\/home-page\/#breadcrumb"},"inLanguage":"en-US","potentialAction":[{"@type":"ReadAction","target":["https:\/\/hostincoast.com\/home-page\/"]}]},{"@type":"BreadcrumbList","@id":"https:\/\/hostincoast.com\/home-page\/#breadcrumb","itemListElement":[{"@type":"ListItem","position":1,"name":"Home","item":"https:\/\/hostincoast.com\/"},{"@type":"ListItem","position":2,"name":"Home Page"}]},{"@type":"WebSite","@id":"https:\/\/hostincoast.com\/#website","url":"https:\/\/hostincoast.com\/","name":"Host in Coast","description":"Alojamentos Aljezur","publisher":{"@id":"https:\/\/hostincoast.com\/#organization"},"potentialAction":[{"@type":"SearchAction","target":{"@type":"EntryPoint","urlTemplate":"https:\/\/hostincoast.com\/?s={search_term_string}"},"query-input":{"@type":"PropertyValueSpecification","valueRequired":true,"valueName":"search_term_string"}}],"inLanguage":"en-US"},{"@type":"Organization","@id":"https:\/\/hostincoast.com\/#organization","name":"Host in Coast","url":"https:\/\/hostincoast.com\/","logo":{"@type":"ImageObject","inLanguage":"en-US","@id":"https:\/\/hostincoast.com\/#\/schema\/logo\/image\/","url":"https:\/\/hostincoast.com\/wp-content\/uploads\/2024\/05\/Original-e1715167233738.png","contentUrl":"https:\/\/hostincoast.com\/wp-content\/uploads\/2024\/05\/Original-e1715167233738.png","width":4200,"height":2175,"caption":"Host in Coast"},"image":{"@id":"https:\/\/hostincoast.com\/#\/schema\/logo\/image\/"}}]}},"_links":{"self":[{"href":"https:\/\/hostincoast.com\/en\/wp-json\/wp\/v2\/pages\/9019","targetHints":{"allow":["GET"]}}],"collection":[{"href":"https:\/\/hostincoast.com\/en\/wp-json\/wp\/v2\/pages"}],"about":[{"href":"https:\/\/hostincoast.com\/en\/wp-json\/wp\/v2\/types\/page"}],"author":[{"embeddable":true,"href":"https:\/\/hostincoast.com\/en\/wp-json\/wp\/v2\/users\/1"}],"replies":[{"embeddable":true,"href":"https:\/\/hostincoast.com\/en\/wp-json\/wp\/v2\/comments?post=9019"}],"version-history":[{"count":9,"href":"https:\/\/hostincoast.com\/en\/wp-json\/wp\/v2\/pages\/9019\/revisions"}],"predecessor-version":[{"id":9129,"href":"https:\/\/hostincoast.com\/en\/wp-json\/wp\/v2\/pages\/9019\/revisions\/9129"}],"wp:attachment":[{"href":"https:\/\/hostincoast.com\/en\/wp-json\/wp\/v2\/media?parent=9019"}],"curies":[{"name":"wp","href":"https:\/\/api.w.org\/{rel}","templated":true}]}}