{"id":9072,"date":"2025-04-14T17:17:54","date_gmt":"2025-04-14T17:17:54","guid":{"rendered":"https:\/\/hostincoast.com\/?page_id=9072"},"modified":"2025-04-14T19:04:52","modified_gmt":"2025-04-14T19:04:52","slug":"boas-vindas","status":"publish","type":"page","link":"https:\/\/hostincoast.com\/en\/boas-vindas\/","title":{"rendered":"Boas Vindas"},"content":{"rendered":"<section class=\"bde-section-9072-103 bde-section\">\n              \n  \n  \n\t\n\n  <div class=\"section-background-overlay\"><\/div>\n\n\n<div class=\"section-container\"><div class=\"bde-div-9072-105 bde-div\">\n  \n  \n\t\n\n\n\n<div class=\"bde-text-9072-106 bde-text\">\nscroll down\n<\/div><div class=\"bde-image-9072-107 bde-image\">\n<figure class=\"breakdance-image breakdance-image--49\">\n\t<div class=\"breakdance-image-container\">\n\t\t<div class=\"breakdance-image-clip\"><img decoding=\"async\" class=\"breakdance-image-object\" src=\"https:\/\/breakdancelibrary.com\/hotel\/wp-content\/uploads\/sites\/34\/2023\/02\/arrow-down-black-white.png\" width=\"7\" height=\"61\" sizes=\"(max-width: 7px) 100vw, 7px\"><\/div>\n\t<\/div><\/figure>\n\n<\/div>\n<\/div><div class=\"bde-code-block-9072-109 bde-code-block\">\n\n  <section class=\"boas-vindas\">\n    <div class=\"container\">\n        <h1>Bem-vindo, <span id=\"nome-hospede\">[Nome do h\u00f3spede]<\/span>!<\/h1>\n        <p id=\"saudacao\">A sua reserva foi confirmada e estamos muito felizes em receb\u00ea-lo em Aljezur, no cora\u00e7\u00e3o da Costa Vicentina. Prepare-se para uma estadia inesquec\u00edvel, com a beleza natural da regi\u00e3o \u00e0 sua porta.<\/p>\n    <\/div>\n<\/section>\n\n<section class=\"detalhes-reserva\">\n    <div class=\"container\">\n        <h2>Detalhes da Sua Reserva<\/h2>\n        <ul id=\"detalhes\">\n            <li><strong>Nome do Alojamento:<\/strong> <span id=\"alojamento\">[Nome do Alojamento]<\/span><\/li>\n            <li><strong>Data de Check-in:<\/strong> <span id=\"checkin\">[Data de check-in]<\/span><\/li>\n            <li><strong>Data de Check-out:<\/strong> <span id=\"checkout\">[Data de check-out]<\/span><\/li>\n        <\/ul>\n    <\/div>\n<\/section>\n\n<script>\n    function getUrlParameter(name) {\n        const urlParams = new URLSearchParams(window.location.search);\n        return urlParams.get(name);\n    }\n\n    document.addEventListener(\"DOMContentLoaded\", function () {\n        const nome = getUrlParameter(\"nome\");\n        const checkin = getUrlParameter(\"checkin\");\n        const checkout = getUrlParameter(\"checkout\");\n        const alojamento = getUrlParameter(\"alojamento\"); \/\/ Novo par\u00e2metro para o nome do alojamento\n\n        \/\/ Nome no t\u00edtulo e sauda\u00e7\u00e3o\n        if (nome) {\n            document.getElementById(\"nome-hospede\").textContent = nome;\n            document.getElementById(\"saudacao\").textContent =\n                `Bem-vindo, ${nome}! A sua reserva foi confirmada e estamos muito felizes em receb\u00ea-lo em Aljezur, no cora\u00e7\u00e3o da Costa Vicentina. Prepare-se para uma estadia inesquec\u00edvel, com a beleza natural da regi\u00e3o \u00e0 sua porta.`;\n        }\n\n        \/\/ Nome do alojamento\n        if (alojamento) {\n            document.getElementById(\"alojamento\").textContent = alojamento;\n        }\n\n        \/\/ Datas\n        if (checkin) document.getElementById(\"checkin\").textContent = checkin;\n        if (checkout) document.getElementById(\"checkout\").textContent = checkout;\n    });\n<\/script>\n\n<style>\n    \/* T\u00edtulo principal *\/\n    h1 {\n        color: #F1E1CA !important;\n        font-size: 36px !important;\n        font-family: Arial, sans-serif !important;\n        font-weight: bold !important;\n        text-align: center !important;\n        margin-bottom: 20px !important;\n    }\n\n    \/* Nome do h\u00f3spede no t\u00edtulo *\/\n    #nome-hospede {\n        font-size: 38px !important;\n        font-weight: bold !important;\n        color: #F1E1CA !important;\n    }\n\n    \/* Sauda\u00e7\u00e3o *\/\n    #saudacao {\n        color: #F1E1CA !important;\n        font-size: 24px !important;\n        font-family: 'Arial', sans-serif !important;\n        text-align: !important;\n        line-height: 1.6 !important;\n        margin-bottom: 40px !important;\n    }\n\n    \/* T\u00edtulo dos detalhes *\/\n    .detalhes-reserva h2 {\n        color: #F1E1CA !important;\n        font-size: 28px !important;\n        font-family: 'Arial', sans-serif !important;\n        text-align: !important;\n        margin-bottom: 20px !important;\n    }\n\n    \/* Lista de detalhes *\/\n    #detalhes {\n        list-style-type: none !important;\n        padding-left: 0 !important;\n        font-size: 24px !important;\n        color: #F1E1CA !important;\n        font-family: 'Arial', sans-serif !important;\n        text-align: left !important;\n    }\n\n    #detalhes li {\n        margin-bottom: 10px !important;\n    }\n\n    #detalhes li strong {\n        color: #F1E1CA!important;\n        font-weight: bold !important;\n        font-size: 22px !important;\n    }\n\n    #alojamento, #checkin, #checkout {\n        font-size: 24px !important;\n        font-weight: bold !important;\n        color: #FFFFFF !important;\n    }\n<\/style>\n\n\n\n<\/div><\/div>\n<\/section><section class=\"bde-section-9072-100 bde-section\">\n  \n  \n\t\n\n\n\n<div class=\"section-container\"><div class=\"bde-code-block-9072-114 bde-code-block\">\n\n  <section class=\"contagem-descrescente\">\n  <div class=\"container\">\n    <h2>Preparado para a aventura?<\/h2>\n    <p id=\"contador\">A calcular o tempo restante...<\/p>\n  <\/div>\n<\/section>\n\n<script>\n  document.addEventListener(\"DOMContentLoaded\", function () {\n    const urlParams = new URLSearchParams(window.location.search);\n    const checkinParam = urlParams.get(\"checkin\");\n\n    if (!checkinParam) {\n      document.getElementById(\"contador\").innerHTML = \"Data de check-in n\u00e3o encontrada.\";\n      return;\n    }\n\n    const dataCheckin = new Date(checkinParam + \"T15:00:00\"); \/\/ usa 15h como hora padr\u00e3o\n\n    function atualizarContagem() {\n      const agora = new Date();\n      const diferenca = dataCheckin - agora;\n\n      if (diferenca <= 0) {\n        document.getElementById(\"contador\").innerHTML = \"A sua estadia come\u00e7a hoje! \ud83c\udfd6\ufe0f\";\n        return;\n      }\n\n      const dias = Math.floor(diferenca \/ (1000 * 60 * 60 * 24));\n      const horas = Math.floor((diferenca \/ (1000 * 60 * 60)) % 24);\n      const minutos = Math.floor((diferenca \/ (1000 * 60)) % 60);\n      const segundos = Math.floor((diferenca \/ 1000) % 60);\n\n      document.getElementById(\"contador\").innerHTML =\n        `Faltam <strong>${dias}<\/strong> dias, <strong>${horas}<\/strong> horas, <strong>${minutos}<\/strong> minutos e <strong>${segundos}<\/strong> segundos para a sua estadia come\u00e7ar!`;\n    }\n\n    atualizarContagem();\n    setInterval(atualizarContagem, 1000);\n  });\n<\/script>\n\n<style>\n  .contagem-descrescente {\n    margin-top: 60px; \/* Maior espa\u00e7o superior *\/\n    text-align: center;\n  }\n\n  .contagem-descrescente h2 {\n    color: #000000; \/* T\u00edtulo em preto *\/\n    font-size: 40px; \/* Aumento do tamanho da fonte *\/\n    margin-bottom: 30px; \/* Aumento do espa\u00e7o abaixo do t\u00edtulo *\/\n  }\n\n  #contador {\n    font-size: 36px; \/* Aumento do tamanho da fonte *\/\n    color: #000000; \/* Texto da contagem em preto *\/\n    line-height: 1.5; \/* Melhor espa\u00e7amento entre as linhas *\/\n  }\n\n  #contador strong {\n    color: #000000; \/* N\u00fameros tamb\u00e9m em preto *\/\n    font-size: 38px; \/* Aumento do tamanho dos n\u00fameros *\/\n  }\n<\/style>\n\n\n\n<\/div><\/div>\n<\/section>","protected":false},"excerpt":{"rendered":"<p>scroll down Bem-vindo, [Nome do h\u00f3spede]! A sua reserva foi confirmada e estamos muito felizes em receb\u00ea-lo em Aljezur, no cora\u00e7\u00e3o da Costa Vicentina. Prepare-se para uma estadia inesquec\u00edvel, com a beleza natural da regi\u00e3o \u00e0 sua porta. Detalhes da Sua Reserva Nome do Alojamento: [Nome do Alojamento] Data de Check-in: [Data de check-in] Data [&hellip;]<\/p>","protected":false},"author":1,"featured_media":0,"parent":0,"menu_order":0,"comment_status":"closed","ping_status":"closed","template":"","meta":{"_acf_changed":false,"_breakdance_hide_in_design_set":false,"_breakdance_tags":"","footnotes":""},"class_list":["post-9072","page","type-page","status-publish","hentry"],"acf":[],"yoast_head":"<!-- This site is optimized with the Yoast SEO plugin v26.8 - https:\/\/yoast.com\/product\/yoast-seo-wordpress\/ -->\n<title>Boas Vindas - Host in Coast<\/title>\n<meta name=\"robots\" content=\"index, follow, max-snippet:-1, max-image-preview:large, max-video-preview:-1\" \/>\n<link rel=\"canonical\" href=\"https:\/\/hostincoast.com\/en\/boas-vindas\/\" \/>\n<meta property=\"og:locale\" content=\"en_US\" \/>\n<meta property=\"og:type\" content=\"article\" \/>\n<meta property=\"og:title\" content=\"Boas Vindas - Host in Coast\" \/>\n<meta property=\"og:description\" content=\"scroll down Bem-vindo, [Nome do h\u00f3spede]! A sua reserva foi confirmada e estamos muito felizes em receb\u00ea-lo em Aljezur, no cora\u00e7\u00e3o da Costa Vicentina. Prepare-se para uma estadia inesquec\u00edvel, com a beleza natural da regi\u00e3o \u00e0 sua porta. Detalhes da Sua Reserva Nome do Alojamento: [Nome do Alojamento] Data de Check-in: [Data de check-in] Data [&hellip;]\" \/>\n<meta property=\"og:url\" content=\"https:\/\/hostincoast.com\/en\/boas-vindas\/\" \/>\n<meta property=\"og:site_name\" content=\"Host in Coast\" \/>\n<meta property=\"article:modified_time\" content=\"2025-04-14T19:04:52+00:00\" \/>\n<meta name=\"twitter:card\" content=\"summary_large_image\" \/>\n<meta name=\"twitter:label1\" content=\"Est. reading time\" \/>\n\t<meta name=\"twitter:data1\" content=\"1 minute\" \/>\n<script type=\"application\/ld+json\" class=\"yoast-schema-graph\">{\"@context\":\"https:\/\/schema.org\",\"@graph\":[{\"@type\":\"WebPage\",\"@id\":\"https:\/\/hostincoast.com\/boas-vindas\/\",\"url\":\"https:\/\/hostincoast.com\/boas-vindas\/\",\"name\":\"Boas Vindas - Host in Coast\",\"isPartOf\":{\"@id\":\"https:\/\/hostincoast.com\/#website\"},\"datePublished\":\"2025-04-14T17:17:54+00:00\",\"dateModified\":\"2025-04-14T19:04:52+00:00\",\"breadcrumb\":{\"@id\":\"https:\/\/hostincoast.com\/boas-vindas\/#breadcrumb\"},\"inLanguage\":\"en-US\",\"potentialAction\":[{\"@type\":\"ReadAction\",\"target\":[\"https:\/\/hostincoast.com\/boas-vindas\/\"]}]},{\"@type\":\"BreadcrumbList\",\"@id\":\"https:\/\/hostincoast.com\/boas-vindas\/#breadcrumb\",\"itemListElement\":[{\"@type\":\"ListItem\",\"position\":1,\"name\":\"Home\",\"item\":\"https:\/\/hostincoast.com\/\"},{\"@type\":\"ListItem\",\"position\":2,\"name\":\"Boas Vindas\"}]},{\"@type\":\"WebSite\",\"@id\":\"https:\/\/hostincoast.com\/#website\",\"url\":\"https:\/\/hostincoast.com\/\",\"name\":\"Host in Coast\",\"description\":\"Alojamentos Aljezur\",\"publisher\":{\"@id\":\"https:\/\/hostincoast.com\/#organization\"},\"potentialAction\":[{\"@type\":\"SearchAction\",\"target\":{\"@type\":\"EntryPoint\",\"urlTemplate\":\"https:\/\/hostincoast.com\/?s={search_term_string}\"},\"query-input\":{\"@type\":\"PropertyValueSpecification\",\"valueRequired\":true,\"valueName\":\"search_term_string\"}}],\"inLanguage\":\"en-US\"},{\"@type\":\"Organization\",\"@id\":\"https:\/\/hostincoast.com\/#organization\",\"name\":\"Host in Coast\",\"url\":\"https:\/\/hostincoast.com\/\",\"logo\":{\"@type\":\"ImageObject\",\"inLanguage\":\"en-US\",\"@id\":\"https:\/\/hostincoast.com\/#\/schema\/logo\/image\/\",\"url\":\"https:\/\/hostincoast.com\/wp-content\/uploads\/2024\/05\/Original-e1715167233738.png\",\"contentUrl\":\"https:\/\/hostincoast.com\/wp-content\/uploads\/2024\/05\/Original-e1715167233738.png\",\"width\":4200,\"height\":2175,\"caption\":\"Host in Coast\"},\"image\":{\"@id\":\"https:\/\/hostincoast.com\/#\/schema\/logo\/image\/\"}}]}<\/script>\n<!-- \/ Yoast SEO plugin. -->","yoast_head_json":{"title":"Boas Vindas - Host in Coast","robots":{"index":"index","follow":"follow","max-snippet":"max-snippet:-1","max-image-preview":"max-image-preview:large","max-video-preview":"max-video-preview:-1"},"canonical":"https:\/\/hostincoast.com\/en\/boas-vindas\/","og_locale":"en_US","og_type":"article","og_title":"Boas Vindas - Host in Coast","og_description":"scroll down Bem-vindo, [Nome do h\u00f3spede]! A sua reserva foi confirmada e estamos muito felizes em receb\u00ea-lo em Aljezur, no cora\u00e7\u00e3o da Costa Vicentina. Prepare-se para uma estadia inesquec\u00edvel, com a beleza natural da regi\u00e3o \u00e0 sua porta. Detalhes da Sua Reserva Nome do Alojamento: [Nome do Alojamento] Data de Check-in: [Data de check-in] Data [&hellip;]","og_url":"https:\/\/hostincoast.com\/en\/boas-vindas\/","og_site_name":"Host in Coast","article_modified_time":"2025-04-14T19:04:52+00:00","twitter_card":"summary_large_image","twitter_misc":{"Est. reading time":"1 minute"},"schema":{"@context":"https:\/\/schema.org","@graph":[{"@type":"WebPage","@id":"https:\/\/hostincoast.com\/boas-vindas\/","url":"https:\/\/hostincoast.com\/boas-vindas\/","name":"Boas Vindas - Host in Coast","isPartOf":{"@id":"https:\/\/hostincoast.com\/#website"},"datePublished":"2025-04-14T17:17:54+00:00","dateModified":"2025-04-14T19:04:52+00:00","breadcrumb":{"@id":"https:\/\/hostincoast.com\/boas-vindas\/#breadcrumb"},"inLanguage":"en-US","potentialAction":[{"@type":"ReadAction","target":["https:\/\/hostincoast.com\/boas-vindas\/"]}]},{"@type":"BreadcrumbList","@id":"https:\/\/hostincoast.com\/boas-vindas\/#breadcrumb","itemListElement":[{"@type":"ListItem","position":1,"name":"Home","item":"https:\/\/hostincoast.com\/"},{"@type":"ListItem","position":2,"name":"Boas Vindas"}]},{"@type":"WebSite","@id":"https:\/\/hostincoast.com\/#website","url":"https:\/\/hostincoast.com\/","name":"Host in Coast","description":"Alojamentos Aljezur","publisher":{"@id":"https:\/\/hostincoast.com\/#organization"},"potentialAction":[{"@type":"SearchAction","target":{"@type":"EntryPoint","urlTemplate":"https:\/\/hostincoast.com\/?s={search_term_string}"},"query-input":{"@type":"PropertyValueSpecification","valueRequired":true,"valueName":"search_term_string"}}],"inLanguage":"en-US"},{"@type":"Organization","@id":"https:\/\/hostincoast.com\/#organization","name":"Host in Coast","url":"https:\/\/hostincoast.com\/","logo":{"@type":"ImageObject","inLanguage":"en-US","@id":"https:\/\/hostincoast.com\/#\/schema\/logo\/image\/","url":"https:\/\/hostincoast.com\/wp-content\/uploads\/2024\/05\/Original-e1715167233738.png","contentUrl":"https:\/\/hostincoast.com\/wp-content\/uploads\/2024\/05\/Original-e1715167233738.png","width":4200,"height":2175,"caption":"Host in Coast"},"image":{"@id":"https:\/\/hostincoast.com\/#\/schema\/logo\/image\/"}}]}},"_links":{"self":[{"href":"https:\/\/hostincoast.com\/en\/wp-json\/wp\/v2\/pages\/9072","targetHints":{"allow":["GET"]}}],"collection":[{"href":"https:\/\/hostincoast.com\/en\/wp-json\/wp\/v2\/pages"}],"about":[{"href":"https:\/\/hostincoast.com\/en\/wp-json\/wp\/v2\/types\/page"}],"author":[{"embeddable":true,"href":"https:\/\/hostincoast.com\/en\/wp-json\/wp\/v2\/users\/1"}],"replies":[{"embeddable":true,"href":"https:\/\/hostincoast.com\/en\/wp-json\/wp\/v2\/comments?post=9072"}],"version-history":[{"count":26,"href":"https:\/\/hostincoast.com\/en\/wp-json\/wp\/v2\/pages\/9072\/revisions"}],"predecessor-version":[{"id":9099,"href":"https:\/\/hostincoast.com\/en\/wp-json\/wp\/v2\/pages\/9072\/revisions\/9099"}],"wp:attachment":[{"href":"https:\/\/hostincoast.com\/en\/wp-json\/wp\/v2\/media?parent=9072"}],"curies":[{"name":"wp","href":"https:\/\/api.w.org\/{rel}","templated":true}]}}